{"id":3309,"date":"2024-07-29T10:45:28","date_gmt":"2024-07-29T08:45:28","guid":{"rendered":"http:\/\/okulary.fun\/?page_id=3309"},"modified":"2025-06-23T14:53:54","modified_gmt":"2025-06-23T12:53:54","slug":"regulamin","status":"publish","type":"page","link":"https:\/\/spreader.pl\/index.php\/regulamin\/","title":{"rendered":"Regulamin"},"content":{"rendered":"\n<p><strong>1. POSTANOWIENIA OG\u00d3LNE<\/strong><\/p>\n\n\n\n<ol class=\"wp-block-list\">\n<li>Niniejszy regulamin, zwany dalej \u201dRegulaminem\u201d, okre\u015bla zasady korzystania ze sklepu internetowego znajduj\u0105cego si\u0119 pod adresem URL zwanego dalej \u201eSklepem\u201d.<\/li>\n\n\n\n<li>W\u0142a\u015bcicielem sklepu jest firma E-COMMERCE EXPERTS SP\u00d3\u0141KA Z OGRANICZON\u0104 ODPOWIEDZIALNO\u015aCI\u0104 UL. GRZYBOWSKA 2 \/ 31, 00-131 WARSZAWA NIP: 5253002629, zwanego dalej \u201eAdministratorem\u201d.<\/li>\n\n\n\n<li>Adres Sklepu i\u00a0dane kontaktowe: adres internetowy spreader.pl, e-mail kamil@labran.pl , adres korespondencyjny \u2013 E-COMMERCE EXPERTS SP\u00d3\u0141KA Z OGRANICZON\u0104 ODPOWIEDZIALNO\u015aCI\u0104 UL. GRZYBOWSKA 2 \/ 31, 00-131 WARSZAWA NIP: 5253002629.<\/li>\n\n\n\n<li>Ka\u017cda osoba przed przyst\u0105pieniem do u\u017cytkowania Sklepu powinna zapozna\u0107 si\u0119 z&nbsp;jego Regulaminem.<\/li>\n\n\n\n<li>Dokonywanie zakup\u00f3w w&nbsp;sklepie wymaga od Klienta posiadania dost\u0119pu do sieci Internetowej, posiada przegl\u0105dark\u0105 internetow\u0105 typu Internet Explorer, Google Chrome, Mozilla Firefox, Opera oraz&nbsp;aktywnego i&nbsp;sprawnego konta poczty elektronicznej e-mail.<\/li>\n\n\n\n<li>Przegl\u0105danie asortymentu Serwisu nie&nbsp;wymaga rejestracji.<\/li>\n<\/ol>\n\n\n\n<p><strong>2. DEFINICJE\u200b<\/strong><\/p>\n\n\n\n<ol class=\"wp-block-list\">\n<li>KLIENT \u2013 Osoby korzystaj\u0105ce z&nbsp;serwisu musi by\u0107 pe\u0142noletni\u0105 osob\u0105 fizyczn\u0105 posiadaj\u0105c\u0105 pe\u0142n\u0105 zdolno\u015b\u0107 do czynno\u015bci prawnych; osoba prawna.<\/li>\n\n\n\n<li>ZAM\u00d3WIENIE \u2013 Zam\u00f3wienie dokonuje si\u0119 przez\u00a0stron\u0119 www.spreader.pl W celu z\u0142o\u017cenia zam\u00f3wienia nale\u017cy doda\u0107 4 zdj\u0119cia lub wybra\u0107 gotowe projekty z\u00a0biblioteki zdj\u0119\u0107. Zdj\u0119cia mo\u017cna kadrowa\u0107 w\u00a0kolejnym etapie zam\u00f3wienia. W\u00a0kolejnym kroku nale\u017cy doda\u0107 tekst, kt\u00f3ry ma zosta\u0107 umieszczony na kostce jego maksymalna ilo\u015b\u0107 to 60 znak\u00f3w. W\u00a0kolejnym etapie nale\u017cy wybra\u0107 konfetti i\u00a0doda\u0107 do elektronicznego koszyka oraz\u00a0okre\u015blenie warunk\u00f3w Umowy Sprzeda\u017cy, w\u00a0tym sposobu dostawy i\u00a0p\u0142atno\u015bci.<\/li>\n\n\n\n<li>PRODUKT \u2013 Serwis oferuje spersonalizowane kartki, \u017ce zdj\u0119ciami zapakowane w&nbsp;pude\u0142ko wraz z&nbsp;konfetti.<\/li>\n\n\n\n<li>SKLEP INTERNETOWY \u2013 Sklep Internetowy zamieszczony pod adresem internetowym: www.spreader.pl <\/li>\n\n\n\n<li>SPRZEDAWCA \u2013 E-COMMERCE EXPERTS SP\u00d3\u0141KA Z OGRANICZON\u0104 ODPOWIEDZIALNO\u015aCI\u0104 UL. GRZYBOWSKA 2 \/ 31, 00-131 WARSZAWA NIP: 5253002629, adres internetowy e-mail, kamil@labran.pl , adres korespondencyjny \u2013 E-COMMERCE EXPERTS SP\u00d3\u0141KA Z OGRANICZON\u0104 ODPOWIEDZIALNO\u015aCI\u0104 UL. GRZYBOWSKA 2 \/ 31, 00-131 WARSZAWA NIP: 5253002629.<\/li>\n\n\n\n<li>UMOWA SPRZEDA\u017bY \u2013 umowa sprzeda\u017cy Produktu zawierana albo zawarta mi\u0119dzy Klientem, a Sprzedawc\u0105 za&nbsp;po\u015brednictwem Sklepu Internetowego.<\/li>\n\n\n\n<li>ZAM\u00d3WIENIE \u2013 o\u015bwiadczenie woli Klienta sk\u0142adane za&nbsp;pomoc\u0105 Formularza Zam\u00f3wienia i&nbsp;zmierzaj\u0105ce bezpo\u015brednio do zawarcia Umowy Sprzeda\u017cy Produktu ze Sprzedawc\u0105.<\/li>\n\n\n\n<li>Podmioty realizuj\u0105ce p\u0142atno\u015b\u0107 \u2013 zewn\u0119trzne w stosunku do E-COMMERCE EXPERTS SP\u00d3\u0141KA Z OGRANICZON\u0104 ODPOWIEDZIALNO\u015aCI\u0104 UL. GRZYBOWSKA 2 \/ 31, 00-131 WARSZAWA NIP: 5253002629  podmioty, po\u015brednicz\u0105ce przy realizacji p\u0142atno\u015bci za pomoc\u0105 p\u0142atno\u015bci internetowej Przelewy 24 i p\u0142atno\u015bci kart\u0105 p\u0142atnicz\u0105.<\/li>\n<\/ol>\n\n\n\n<p><strong>3. ZASADY KORZYSTANIA Z SERWISU<\/strong><\/p>\n\n\n\n<ol class=\"wp-block-list\">\n<li>Klient mo\u017ce dokona\u0107 zakupu w&nbsp;sklepie bez konieczno\u015bci rejestracji konta.<\/li>\n\n\n\n<li>Klient mo\u017ce korzysta\u0107 ze wszystkich dost\u0119pnych funkcjonalno\u015bci Serwisu, w&nbsp;tym w&nbsp;szczeg\u00f3lno\u015bci sk\u0142ada\u0107 zam\u00f3wienia na Produkty,<\/li>\n<\/ol>\n\n\n\n<p><strong>4. PRAWA AUTORSKIE<\/strong><\/p>\n\n\n\n<ol class=\"wp-block-list\">\n<li>Wykonawca przestrzegaj\u0105c prawa autorskie zdaje si\u0119 tylko i&nbsp;wy\u0142\u0105cznie na o\u015bwiadczenia Klient\u00f3w. Wykonawca przyjmuje, i\u017c wszystkie przes\u0142ane materia\u0142y oraz&nbsp;zdj\u0119cia posiadaj\u0105 prawa autorskie Klienta.<\/li>\n\n\n\n<li>Je\u017celi na skutek odpowiedniej informacji ze strony Klienta, wykonane przez&nbsp;Wykonawc\u0119 zlecenie narusza prawa autorskie os\u00f3b trzecich, odpowiedzialno\u015b\u0107 za&nbsp;to ponosi sam Klient. W&nbsp;takim przypadku Klient zobowi\u0105zuje si\u0119 do zwolnienia Wykonawcy od wszelkich roszcze\u0144 os\u00f3b trzecich oraz&nbsp;do zwrotu koszt\u00f3w poniesionych przez&nbsp;Wykonawc\u0119 w&nbsp;zwi\u0105zku z&nbsp;dochodzeniem prawnym.<\/li>\n<\/ol>\n\n\n\n<p><strong>\u200b5. TERMIN WYKONYWANIA US\u0141UG<\/strong><\/p>\n\n\n\n<ol class=\"wp-block-list\">\n<li>Wszystkie zlecenia wykonujemy dok\u0142adnie s\u0105 starannie i&nbsp;w&nbsp;odpowiednim, mo\u017cliwie najkr\u00f3tszym terminie, okre\u015blonym w&nbsp;zak\u0142adce \u201eCzas i koszty dostawy\u201d dost\u0119pnej na stronie internetowej.\u200b<strong>\u200b<\/strong><\/li>\n<\/ol>\n\n\n\n<p><strong>6. MATERIA\u0141Y REKLAMOWE\u200b<\/strong><\/p>\n\n\n\n<ol class=\"wp-block-list\">\n<li>Po zako\u0144czeniu wsp\u00f3\u0142pracy materia\u0142y, kt\u00f3re by\u0142y potrzebne do wykonania zlecenia na \u017cyczenie klienta zostan\u0105 dostarczone i&nbsp;rozliczone. Nie przechowujemy materia\u0142\u00f3w zdj\u0119ciowych oraz&nbsp;zdj\u0119\u0107 przes\u0142anych przez&nbsp;Klienta po wykonaniu zlecenia. \u200b<\/li>\n<\/ol>\n\n\n\n<p>\u200b<strong>7. REKLAMACJE\u200b I ZWROTY<\/strong><\/p>\n\n\n\n<ol class=\"wp-block-list\">\n<li>Mog\u0105 by\u0107 uwzgl\u0119dnione jedynie wtedy, je\u015bli zostan\u0105 one zg\u0142oszone w&nbsp;ci\u0105gu 2 miesi\u0119cy (przy wadach widocznych). Ustawowy termin przedawnienia roszcze\u0144 z&nbsp;tytu\u0142u wad wynosi 24 miesi\u0119cy. Reklamacj\u0119 rozpatrujemy wci\u0105gu 14 dni. Reklamacje nale\u017cy sk\u0142ada\u0107 poprzez email kamil@labran.pl<\/li>\n\n\n\n<li>Podstaw\u0105 do reklamacji mog\u0105 by\u0107 jedynie wady techniczne powsta\u0142e przy wykonywaniu produktu lub r\u00f3\u017cnice pomi\u0119dzy wype\u0142nionym zam\u00f3wieniem w&nbsp;formularzu, a zawarto\u015bci\u0105 przesy\u0142ki. Wp\u0142yw na jako\u015b\u0107 wydruk\u00f3w mo\u017ce mie\u0107 rozbie\u017cno\u015b\u0107 monitor\u00f3w, kt\u00f3re mog\u0105 wy\u015bwietla\u0107 inne kolory. Staramy si\u0119, \u017ceby wydrukowane zdj\u0119cia mia\u0142y jak najbardziej odwzorowane kolory jednak nie&nbsp;gwarantujemy tego w&nbsp;100%. Wady powsta\u0142e na skutek ma\u0142ej rozdzielczo\u015bci przes\u0142anego pliku lub niedok\u0142adno\u015bci w&nbsp;sformu\u0142owaniu tre\u015bci udzielonego Wykonawcy zlecenia nie&nbsp;podlegaj\u0105 reklamacji.<\/li>\n\n\n\n<li>W przypadku uzasadnionej reklamacji, o&nbsp;ile us\u0142uga zosta\u0142a op\u0142acona, Wykonawca zobowi\u0105zuje si\u0119 do powt\u00f3rnej, bezp\u0142atnej us\u0142ugi zast\u0119pczej. Je\u017celi us\u0142uga zast\u0119pcza nie&nbsp;b\u0119dzie w&nbsp;stanie usun\u0105\u0107 reklamowanej wady, Klient ma prawo do odst\u0105pienia od udzielonego wcze\u015bniej zlecenia i&nbsp;zwrotu pieni\u0119dzy.<\/li>\n\n\n\n<li>Reklamacje dotycz\u0105ce uszkodze\u0144 mechanicznych powsta\u0142ych podczas transportu (mo\u017cliwe tylko w&nbsp;przypadku wyboru dostawy kurierem InPost), b\u0119d\u0105 rozpatrywane tylko w&nbsp;momencie odbioru przesy\u0142ki w&nbsp;obecno\u015bci kuriera. Warunkiem przyj\u0119cia tego typu reklamacji b\u0119dzie spisanie wraz z&nbsp;kurierem protoko\u0142u reklamacyjnego. W&nbsp;przypadku nieuwzgl\u0119dnionej reklamacji wszelkie koszty pokrywa Klient.<\/li>\n\n\n\n<li>Ze wzgl\u0119du, i\u017c jest to produkt personalizowany (unikatowy), klient kt\u00f3ry ze swojej winy nie odebra\u0142 zam\u00f3wienia, nie ma prawa ubiega\u0107 si\u0119 o zwrot koszt\u00f3w.<\/li>\n\n\n\n<li>Gdy klient po nie odebranym zam\u00f3wieniu zdecyduje, aby ponownie wys\u0142a\u0107 swoje zam\u00f3wienie, to b\u0119dzie musia\u0142 ponie\u015b\u0107 koszty wysy\u0142ki ponownej do nadawcy, oraz za nast\u0119pn\u0105 us\u0142ug\u0119 kuriersk\u0105.<\/li>\n<\/ol>\n\n\n\n<p>\u200b<strong>\u200b8. ODPOWIEDZIALNO\u015a\u0106\u200b<\/strong><\/p>\n\n\n\n<ol class=\"wp-block-list\">\n<li>Wykonawca nie&nbsp;ponosi odpowiedzialno\u015bci za&nbsp;osprz\u0119t zwi\u0105zany z&nbsp;przes\u0142aniem zam\u00f3wienia, niezale\u017cny od Wykonawcy.<\/li>\n\n\n\n<li>W przypadku niedostarczenia przez&nbsp;Wykonawc\u0119 zrealizowanego zlecenia pod wskazany adres, Wykonawca zobowi\u0105zuje si\u0119 do powt\u00f3rnej us\u0142ugi wysy\u0142ki na podstawie ponownie przes\u0142anych danych przez&nbsp;Klienta. Innych odszkodowa\u0144 nie&nbsp;udzielamy.<\/li>\n<\/ol>\n\n\n\n<p><strong>\u200b9. PRZETWARZANIE DANYCH<\/strong><\/p>\n\n\n\n<ol class=\"wp-block-list\">\n<li>Ochrona danych naszych klient\u00f3w ma dla&nbsp;nas najwy\u017cszy priorytet. Dlatego rygorystycznie przestrzegamy wymog\u00f3w ustawy o&nbsp;ochronie danych osobowych.<\/li>\n<\/ol>\n\n\n\n<p><strong>\u200b10. CENY I&nbsp;P\u0141ATNO\u015aCI<\/strong><\/p>\n\n\n\n<ol class=\"wp-block-list\">\n<li>\u200bZgodnie z\u00a0aktualn\u0105 informacj\u0105 cenow\u0105 zawart\u0105 na stronie spreader.pl . Dodatkowe op\u0142aty za\u00a0dostaw\u0119 zamieszczone s\u0105 w\u00a0zak\u0142adce \u201eczas i koszty dostawy\u201d.<\/li>\n<\/ol>\n\n\n\n<p>\u200b<strong>11. POZOSTA\u0141E<\/strong><\/p>\n\n\n\n<ol class=\"wp-block-list\">\n<li>Z uwagi na fakt, i\u017c realizacja zlecenia rozpoczyna si\u0119 w&nbsp;momencie jego przyj\u0119cia do realizacji, a tak\u017ce zwa\u017cywszy, \u017ce jest to \u015bwiadczenie o&nbsp;w\u0142a\u015bciwo\u015bciach okre\u015blonych przez&nbsp;konsumenta w&nbsp;z\u0142o\u017conym przez&nbsp;niego zam\u00f3wieniu lub \u015bci\u015ble zwi\u0105zanych z&nbsp;jego osob\u0105 (personalizacja), konsumentowi nie&nbsp;przys\u0142uguje prawo do odst\u0105pienia od umowy (zgodnie z&nbsp;Ustaw\u0105 z&nbsp;dnia 2.03 2000r. o&nbsp;ochronie niekt\u00f3rych praw konsument\u00f3w oraz&nbsp;o&nbsp;odpowiedzialno\u015bci za&nbsp;szkod\u0119 wyrz\u0105dzon\u0105 przez&nbsp;produkt niebezpieczny. (Dz. U. nr 22 poz. 271, z&nbsp;p\u00f3\u017an. zm.).<\/li>\n\n\n\n<li>Wykonawca zastrzega sobie mo\u017cliwo\u015b\u0107 czasowego wy\u0142\u0105czenia serwisu w&nbsp;celu konserwowania sprz\u0119tu. W&nbsp;tym przypadku u\u017cytkownicy zostan\u0105 o&nbsp;tym powiadomieni drog\u0105 elektroniczn\u0105. Zakazuje si\u0119 Klientom dostarczania tre\u015bci o&nbsp;charakterze bezprawnym.<\/li>\n<\/ol>\n\n\n\n<p>\u200b<strong>12. WA\u017bNO\u015a\u0106<\/strong>\u200b<strong>\u200b<\/strong>Regulamin obowi\u0105zuje od 30 czerwca 2020r.<\/p>\n","protected":false},"excerpt":{"rendered":"<p>1. POSTANOWIENIA OG\u00d3LNE 2. DEFINICJE\u200b 3. ZASADY KORZYSTANIA Z SERWISU 4. PRAWA AUTORSKIE \u200b5. TERMIN WYKONYWANIA US\u0141UG 6. MATERIA\u0141Y REKLAMOWE\u200b \u200b7. REKLAMACJE\u200b I ZWROTY \u200b\u200b8. ODPOWIEDZIALNO\u015a\u0106\u200b \u200b9. PRZETWARZANIE DANYCH \u200b10. CENY I&nbsp;P\u0141ATNO\u015aCI \u200b11. POZOSTA\u0141E \u200b12. WA\u017bNO\u015a\u0106\u200b\u200bRegulamin obowi\u0105zuje od 30 czerwca 2020r.<\/p>\n","protected":false},"author":1,"featured_media":0,"parent":0,"menu_order":0,"comment_status":"closed","ping_status":"closed","template":"","meta":{"footnotes":""},"class_list":["post-3309","page","type-page","status-publish","hentry"],"_links":{"self":[{"href":"https:\/\/spreader.pl\/index.php\/wp-json\/wp\/v2\/pages\/3309"}],"collection":[{"href":"https:\/\/spreader.pl\/index.php\/wp-json\/wp\/v2\/pages"}],"about":[{"href":"https:\/\/spreader.pl\/index.php\/wp-json\/wp\/v2\/types\/page"}],"author":[{"embeddable":true,"href":"https:\/\/spreader.pl\/index.php\/wp-json\/wp\/v2\/users\/1"}],"replies":[{"embeddable":true,"href":"https:\/\/spreader.pl\/index.php\/wp-json\/wp\/v2\/comments?post=3309"}],"version-history":[{"count":3,"href":"https:\/\/spreader.pl\/index.php\/wp-json\/wp\/v2\/pages\/3309\/revisions"}],"predecessor-version":[{"id":3505,"href":"https:\/\/spreader.pl\/index.php\/wp-json\/wp\/v2\/pages\/3309\/revisions\/3505"}],"wp:attachment":[{"href":"https:\/\/spreader.pl\/index.php\/wp-json\/wp\/v2\/media?parent=3309"}],"curies":[{"name":"wp","href":"https:\/\/api.w.org\/{rel}","templated":true}]}}