{"id":3311,"date":"2024-07-29T10:53:39","date_gmt":"2024-07-29T08:53:39","guid":{"rendered":"http:\/\/okulary.fun\/?page_id=3311"},"modified":"2024-07-29T10:53:39","modified_gmt":"2024-07-29T08:53:39","slug":"czas-i-koszty-dostawy","status":"publish","type":"page","link":"https:\/\/spreader.pl\/index.php\/czas-i-koszty-dostawy\/","title":{"rendered":"Czas i koszty dostawy"},"content":{"rendered":"\n<p>Wysy\u0142amy nast\u0119puj\u0105cymi metodami dostawy:<br>Inpost Paczkomaty 24\/7 &#8211; DARMOWA DOSTAWA w 24h<\/p>\n\n\n\n<p>Inpost Kurier &#8211; DARMOWA DOSTAWA w 24h<\/p>\n","protected":false},"excerpt":{"rendered":"<p>Wysy\u0142amy nast\u0119puj\u0105cymi metodami dostawy:Inpost Paczkomaty 24\/7 &#8211; DARMOWA DOSTAWA w 24h Inpost Kurier &#8211; DARMOWA DOSTAWA w 24h<\/p>\n","protected":false},"author":1,"featured_media":0,"parent":0,"menu_order":0,"comment_status":"closed","ping_status":"closed","template":"","meta":{"footnotes":""},"class_list":["post-3311","page","type-page","status-publish","hentry"],"_links":{"self":[{"href":"https:\/\/spreader.pl\/index.php\/wp-json\/wp\/v2\/pages\/3311"}],"collection":[{"href":"https:\/\/spreader.pl\/index.php\/wp-json\/wp\/v2\/pages"}],"about":[{"href":"https:\/\/spreader.pl\/index.php\/wp-json\/wp\/v2\/types\/page"}],"author":[{"embeddable":true,"href":"https:\/\/spreader.pl\/index.php\/wp-json\/wp\/v2\/users\/1"}],"replies":[{"embeddable":true,"href":"https:\/\/spreader.pl\/index.php\/wp-json\/wp\/v2\/comments?post=3311"}],"version-history":[{"count":1,"href":"https:\/\/spreader.pl\/index.php\/wp-json\/wp\/v2\/pages\/3311\/revisions"}],"predecessor-version":[{"id":3312,"href":"https:\/\/spreader.pl\/index.php\/wp-json\/wp\/v2\/pages\/3311\/revisions\/3312"}],"wp:attachment":[{"href":"https:\/\/spreader.pl\/index.php\/wp-json\/wp\/v2\/media?parent=3311"}],"curies":[{"name":"wp","href":"https:\/\/api.w.org\/{rel}","templated":true}]}}