{"id":3345,"date":"2024-07-29T12:20:16","date_gmt":"2024-07-29T10:20:16","guid":{"rendered":"https:\/\/okulary.fun\/?post_type=product&#038;p=3345"},"modified":"2025-06-23T19:27:54","modified_gmt":"2025-06-23T17:27:54","slug":"okulary-spreader-3","status":"publish","type":"product","link":"https:\/\/spreader.pl\/index.php\/produkt\/okulary-spreader-3\/","title":{"rendered":"Okulary Spreader"},"content":{"rendered":"<p>Elastyczne innowacyjne okulary spreader, kt\u00f3re mo\u017cesz za\u0142o\u017cy\u0107 na r\u0119k\u0119!<\/p>\n","protected":false},"excerpt":{"rendered":"<p>Elastyczne innowacyjne okulary spreader, kt\u00f3re mo\u017cesz za\u0142o\u017cy\u0107 na r\u0119k\u0119!<\/p>\n","protected":false},"featured_media":3334,"comment_status":"open","ping_status":"closed","template":"","meta":[],"product_cat":[17],"product_tag":[],"class_list":{"0":"post-3345","1":"product","2":"type-product","3":"status-publish","4":"has-post-thumbnail","6":"product_cat-bez-kategorii","8":"first","9":"instock","10":"sale","11":"shipping-taxable","12":"purchasable","13":"product-type-simple"},"_links":{"self":[{"href":"https:\/\/spreader.pl\/index.php\/wp-json\/wp\/v2\/product\/3345"}],"collection":[{"href":"https:\/\/spreader.pl\/index.php\/wp-json\/wp\/v2\/product"}],"about":[{"href":"https:\/\/spreader.pl\/index.php\/wp-json\/wp\/v2\/types\/product"}],"replies":[{"embeddable":true,"href":"https:\/\/spreader.pl\/index.php\/wp-json\/wp\/v2\/comments?post=3345"}],"wp:featuredmedia":[{"embeddable":true,"href":"https:\/\/spreader.pl\/index.php\/wp-json\/wp\/v2\/media\/3334"}],"wp:attachment":[{"href":"https:\/\/spreader.pl\/index.php\/wp-json\/wp\/v2\/media?parent=3345"}],"wp:term":[{"taxonomy":"product_cat","embeddable":true,"href":"https:\/\/spreader.pl\/index.php\/wp-json\/wp\/v2\/product_cat?post=3345"},{"taxonomy":"product_tag","embeddable":true,"href":"https:\/\/spreader.pl\/index.php\/wp-json\/wp\/v2\/product_tag?post=3345"}],"curies":[{"name":"wp","href":"https:\/\/api.w.org\/{rel}","templated":true}]}}